{"id":6,"date":"2020-12-10T19:15:52","date_gmt":"2020-12-10T19:15:52","guid":{"rendered":"http:\/\/pastoralki.pl\/?page_id=6"},"modified":"2020-12-10T23:04:22","modified_gmt":"2020-12-10T23:04:22","slug":"o-nas","status":"publish","type":"page","link":"https:\/\/pastoralki.pl\/?page_id=6","title":{"rendered":"Jak to si\u0119 zacz\u0119\u0142o?"},"content":{"rendered":"\n<div class=\"wp-block-image\"><figure class=\"aligncenter size-large is-resized\"><img decoding=\"async\" loading=\"lazy\" src=\"http:\/\/pastoralki.pl\/wp-content\/uploads\/2020\/12\/zespol_celiny.jpg\" alt=\"\" class=\"wp-image-84\" width=\"653\" height=\"490\" srcset=\"https:\/\/pastoralki.pl\/wp-content\/uploads\/2020\/12\/zespol_celiny.jpg 1000w, https:\/\/pastoralki.pl\/wp-content\/uploads\/2020\/12\/zespol_celiny-300x225.jpg 300w, https:\/\/pastoralki.pl\/wp-content\/uploads\/2020\/12\/zespol_celiny-768x576.jpg 768w\" sizes=\"(max-width: 653px) 100vw, 653px\" \/><figcaption>Zesp\u00f3\u0142 z Celin<\/figcaption><\/figure><\/div>\n\n\n\n<p>Stowarzyszenie Rozwoju Wsi Rudno oraz Centrum Kultury i Sportu w Krzeszowicach od 2010 roku zapraszaj\u0105 mieszka\u0144c\u00f3w wielu powiat\u00f3w regionu krakowskiego  do zaprezentowania si\u0119  w konkursie.<br>Najwi\u0119cej uczestnik\u00f3w przybywa do Krzeszowic z powiatu krakowskiego i chrzanowskiego, ale te\u017c olkuskiego czy boche\u0144skiego czy wielickiego. <br><br>Organizatorzy od lat realizuj\u0105 sw\u00f3j cel przypomnienia i przywr\u00f3cenia tradycji \u015bpiewania pastora\u0142ek i powr\u00f3t do tradycji ludowego kol\u0119dowania, charakterystycznego dla bogatej obrz\u0119dowo\u015bci bo\u017conarodzeniowej dawnej wsi.<br><br>Podczas Przegl\u0105du mo\u017cna us\u0142ysze\u0107 rzadko ju\u017c wykonywane stare kol\u0119dy ludowe, gospodarskie, \u017cycz\u0105ce, okol\u0119dowania i zapomniane ju\u017c cz\u0119sto pastora\u0142ki.<\/p>\n\n\n\n<div class=\"wp-block-image\"><figure class=\"aligncenter size-large is-resized\"><img decoding=\"async\" loading=\"lazy\" src=\"http:\/\/pastoralki.pl\/wp-content\/uploads\/2020\/12\/MG_9305-1024x683.jpg\" alt=\"\" class=\"wp-image-86\" width=\"629\" height=\"419\" srcset=\"https:\/\/pastoralki.pl\/wp-content\/uploads\/2020\/12\/MG_9305-1024x683.jpg 1024w, https:\/\/pastoralki.pl\/wp-content\/uploads\/2020\/12\/MG_9305-300x200.jpg 300w, https:\/\/pastoralki.pl\/wp-content\/uploads\/2020\/12\/MG_9305-768x512.jpg 768w, https:\/\/pastoralki.pl\/wp-content\/uploads\/2020\/12\/MG_9305-1536x1024.jpg 1536w, https:\/\/pastoralki.pl\/wp-content\/uploads\/2020\/12\/MG_9305-2048x1365.jpg 2048w\" sizes=\"(max-width: 629px) 100vw, 629px\" \/><figcaption>Komisja oceniaj\u0105ca 2017<\/figcaption><\/figure><\/div>\n\n\n\n<p>Wybrane grupy i soli\u015bci i oczywi\u015bcie laureaci konkursu przez 10 ostatnich lat prezentowali si\u0119 tak\u017ce przed mieszka\u0144cami gminy i turystami na scenie \u015bwi\u0105tecznego Jarmarku Tradycji.<br><br>Dobrym duchem Przegl\u0105du by\u0142a od samego pocz\u0105tku pani Aleksandra Szurmiak-Bogucka, kt\u00f3ra s\u0142u\u017cy\u0142a znakomicie &#8211; tak organizatorom jak i uczestnikom &#8211; rad\u0105, do\u015bwiadczeniem, a przy tym emanowa\u0142a niezwyk\u0142\u0105 \u017cyczliwo\u015bci\u0105 i serdeczno\u015bci\u0105.<\/p>\n\n\n\n<p>Pani Aleksandrze zosta\u0142a zadedykowana jubileuszowa p\u0142yta &#8222;W Betlejem przy drodze&#8221;, wydana w 2019 roku.<br><\/p>\n\n\n\n<div class=\"wp-block-image\"><figure class=\"aligncenter size-medium\"><img decoding=\"async\" loading=\"lazy\" width=\"300\" height=\"268\" src=\"http:\/\/pastoralki.pl\/wp-content\/uploads\/2020\/12\/okladka-CD-W-Betlejem-300x268.jpg\" alt=\"\" class=\"wp-image-81\" srcset=\"https:\/\/pastoralki.pl\/wp-content\/uploads\/2020\/12\/okladka-CD-W-Betlejem-300x268.jpg 300w, https:\/\/pastoralki.pl\/wp-content\/uploads\/2020\/12\/okladka-CD-W-Betlejem-1024x914.jpg 1024w, https:\/\/pastoralki.pl\/wp-content\/uploads\/2020\/12\/okladka-CD-W-Betlejem-768x685.jpg 768w, https:\/\/pastoralki.pl\/wp-content\/uploads\/2020\/12\/okladka-CD-W-Betlejem-1536x1371.jpg 1536w, https:\/\/pastoralki.pl\/wp-content\/uploads\/2020\/12\/okladka-CD-W-Betlejem.jpg 1657w\" sizes=\"(max-width: 300px) 100vw, 300px\" \/><\/figure><\/div>\n","protected":false},"excerpt":{"rendered":"<p>Stowarzyszenie Rozwoju Wsi Rudno oraz Centrum Kultury i Sportu w Krzeszowicach od 2010 roku zapraszaj\u0105 mieszka\u0144c\u00f3w wielu powiat\u00f3w regionu krakowskiego do zaprezentowania si\u0119 w konkursie.Najwi\u0119cej uczestnik\u00f3w przybywa do Krzeszowic z powiatu krakowskiego i chrzanowskiego, ale te\u017c olkuskiego czy boche\u0144skiego czy wielickiego. Organizatorzy od lat realizuj\u0105 [&hellip;]<\/p>\n","protected":false},"author":1,"featured_media":0,"parent":0,"menu_order":0,"comment_status":"closed","ping_status":"closed","template":"","meta":[],"_links":{"self":[{"href":"https:\/\/pastoralki.pl\/index.php?rest_route=\/wp\/v2\/pages\/6"}],"collection":[{"href":"https:\/\/pastoralki.pl\/index.php?rest_route=\/wp\/v2\/pages"}],"about":[{"href":"https:\/\/pastoralki.pl\/index.php?rest_route=\/wp\/v2\/types\/page"}],"author":[{"embeddable":true,"href":"https:\/\/pastoralki.pl\/index.php?rest_route=\/wp\/v2\/users\/1"}],"replies":[{"embeddable":true,"href":"https:\/\/pastoralki.pl\/index.php?rest_route=%2Fwp%2Fv2%2Fcomments&post=6"}],"version-history":[{"count":7,"href":"https:\/\/pastoralki.pl\/index.php?rest_route=\/wp\/v2\/pages\/6\/revisions"}],"predecessor-version":[{"id":87,"href":"https:\/\/pastoralki.pl\/index.php?rest_route=\/wp\/v2\/pages\/6\/revisions\/87"}],"wp:attachment":[{"href":"https:\/\/pastoralki.pl\/index.php?rest_route=%2Fwp%2Fv2%2Fmedia&parent=6"}],"curies":[{"name":"wp","href":"https:\/\/api.w.org\/{rel}","templated":true}]}}