{"id":5,"date":"2020-12-10T19:15:52","date_gmt":"2020-12-10T19:15:52","guid":{"rendered":"http:\/\/pastoralki.pl\/?page_id=5"},"modified":"2020-12-11T20:57:46","modified_gmt":"2020-12-11T20:57:46","slug":"create-your-website-with-blocks","status":"publish","type":"page","link":"https:\/\/pastoralki.pl\/?page_id=5","title":{"rendered":""},"content":{"rendered":"\n<h2 class=\"alignwide has-text-align-wide has-gigantic-font-size wp-block-heading\" style=\"line-height:1.1\">\u015aPIEWACZKI I \u015aPIEWACY, GRUPY, ZESPO\u0141Y &#8211; oto si\u0142a Przegl\u0105du!<\/h2>\n\n\n\n<div class=\"wp-block-columns alignwide is-style-twentytwentyone-columns-overlap is-layout-flex wp-container-6\">\n<div class=\"wp-block-column is-layout-flow\">\n<div class=\"wp-block-image is-style-twentytwentyone-image-frame is-style-rounded\"><figure class=\"alignright size-large\"><img decoding=\"async\" loading=\"lazy\" width=\"1000\" height=\"667\" src=\"http:\/\/pastoralki.pl\/wp-content\/uploads\/2020\/12\/Pastoralki2019_fot.M.Lewicki-1.jpg\" alt=\"\" class=\"wp-image-53\" srcset=\"https:\/\/pastoralki.pl\/wp-content\/uploads\/2020\/12\/Pastoralki2019_fot.M.Lewicki-1.jpg 1000w, https:\/\/pastoralki.pl\/wp-content\/uploads\/2020\/12\/Pastoralki2019_fot.M.Lewicki-1-300x200.jpg 300w, https:\/\/pastoralki.pl\/wp-content\/uploads\/2020\/12\/Pastoralki2019_fot.M.Lewicki-1-768x512.jpg 768w\" sizes=\"(max-width: 1000px) 100vw, 1000px\" \/><\/figure><\/div>\n\n\n\n<div style=\"height:100px\" aria-hidden=\"true\" class=\"wp-block-spacer\"><\/div>\n\n\n\n<div class=\"wp-block-image is-style-rounded\"><figure class=\"aligncenter\"><img decoding=\"async\" loading=\"lazy\" width=\"667\" height=\"1000\" src=\"http:\/\/pastoralki.pl\/wp-content\/uploads\/2020\/12\/MG_3147.jpg\" alt=\"\" class=\"wp-image-51\" srcset=\"https:\/\/pastoralki.pl\/wp-content\/uploads\/2020\/12\/MG_3147.jpg 667w, https:\/\/pastoralki.pl\/wp-content\/uploads\/2020\/12\/MG_3147-200x300.jpg 200w\" sizes=\"(max-width: 667px) 100vw, 667px\" \/><\/figure><\/div>\n\n\n\n<figure class=\"wp-block-image size-large is-style-rounded\"><img decoding=\"async\" loading=\"lazy\" width=\"1024\" height=\"683\" src=\"http:\/\/pastoralki.pl\/wp-content\/uploads\/2020\/12\/IMG_3523-1024x683.jpg\" alt=\"\" class=\"wp-image-69\" srcset=\"https:\/\/pastoralki.pl\/wp-content\/uploads\/2020\/12\/IMG_3523-1024x683.jpg 1024w, https:\/\/pastoralki.pl\/wp-content\/uploads\/2020\/12\/IMG_3523-300x200.jpg 300w, https:\/\/pastoralki.pl\/wp-content\/uploads\/2020\/12\/IMG_3523-768x512.jpg 768w, https:\/\/pastoralki.pl\/wp-content\/uploads\/2020\/12\/IMG_3523-1536x1024.jpg 1536w, https:\/\/pastoralki.pl\/wp-content\/uploads\/2020\/12\/IMG_3523-2048x1365.jpg 2048w\" sizes=\"(max-width: 1024px) 100vw, 1024px\" \/><\/figure>\n\n\n\n<figure class=\"wp-block-image size-large is-style-rounded\"><img decoding=\"async\" loading=\"lazy\" width=\"683\" height=\"1024\" src=\"http:\/\/pastoralki.pl\/wp-content\/uploads\/2020\/12\/MG_9702-683x1024.jpg\" alt=\"\" class=\"wp-image-110\" srcset=\"https:\/\/pastoralki.pl\/wp-content\/uploads\/2020\/12\/MG_9702-683x1024.jpg 683w, https:\/\/pastoralki.pl\/wp-content\/uploads\/2020\/12\/MG_9702-200x300.jpg 200w, https:\/\/pastoralki.pl\/wp-content\/uploads\/2020\/12\/MG_9702-768x1152.jpg 768w, https:\/\/pastoralki.pl\/wp-content\/uploads\/2020\/12\/MG_9702-1024x1536.jpg 1024w, https:\/\/pastoralki.pl\/wp-content\/uploads\/2020\/12\/MG_9702-1365x2048.jpg 1365w, https:\/\/pastoralki.pl\/wp-content\/uploads\/2020\/12\/MG_9702-scaled.jpg 1707w\" sizes=\"(max-width: 683px) 100vw, 683px\" \/><\/figure>\n\n\n\n<figure class=\"wp-block-image size-large is-style-rounded\"><img decoding=\"async\" loading=\"lazy\" width=\"1024\" height=\"683\" src=\"http:\/\/pastoralki.pl\/wp-content\/uploads\/2020\/12\/MG_3111-1024x683.jpg\" alt=\"\" class=\"wp-image-119\" srcset=\"https:\/\/pastoralki.pl\/wp-content\/uploads\/2020\/12\/MG_3111-1024x683.jpg 1024w, https:\/\/pastoralki.pl\/wp-content\/uploads\/2020\/12\/MG_3111-300x200.jpg 300w, https:\/\/pastoralki.pl\/wp-content\/uploads\/2020\/12\/MG_3111-768x512.jpg 768w, https:\/\/pastoralki.pl\/wp-content\/uploads\/2020\/12\/MG_3111-1536x1024.jpg 1536w, https:\/\/pastoralki.pl\/wp-content\/uploads\/2020\/12\/MG_3111-2048x1366.jpg 2048w\" sizes=\"(max-width: 1024px) 100vw, 1024px\" \/><\/figure>\n\n\n\n<figure class=\"wp-block-gallery columns-1 is-cropped wp-block-gallery-1 is-layout-flex\"><ul class=\"blocks-gallery-grid\"><li class=\"blocks-gallery-item\"><figure><img decoding=\"async\" loading=\"lazy\" width=\"683\" height=\"1024\" src=\"http:\/\/pastoralki.pl\/wp-content\/uploads\/2020\/12\/MG_3474-683x1024.jpg\" alt=\"\" data-id=\"124\" data-full-url=\"http:\/\/pastoralki.pl\/wp-content\/uploads\/2020\/12\/MG_3474-scaled.jpg\" data-link=\"http:\/\/pastoralki.pl\/?attachment_id=124\" class=\"wp-image-124\" srcset=\"https:\/\/pastoralki.pl\/wp-content\/uploads\/2020\/12\/MG_3474-683x1024.jpg 683w, https:\/\/pastoralki.pl\/wp-content\/uploads\/2020\/12\/MG_3474-200x300.jpg 200w, https:\/\/pastoralki.pl\/wp-content\/uploads\/2020\/12\/MG_3474-768x1152.jpg 768w, https:\/\/pastoralki.pl\/wp-content\/uploads\/2020\/12\/MG_3474-1024x1536.jpg 1024w, https:\/\/pastoralki.pl\/wp-content\/uploads\/2020\/12\/MG_3474-1365x2048.jpg 1365w, https:\/\/pastoralki.pl\/wp-content\/uploads\/2020\/12\/MG_3474-scaled.jpg 1707w\" sizes=\"(max-width: 683px) 100vw, 683px\" \/><\/figure><\/li><\/ul><\/figure>\n<\/div>\n\n\n\n<div class=\"wp-block-column is-layout-flow\">\n<figure class=\"wp-block-image alignwide size-large is-style-rounded\"><img decoding=\"async\" loading=\"lazy\" width=\"1000\" height=\"667\" src=\"http:\/\/pastoralki.pl\/wp-content\/uploads\/2020\/12\/Pastoralki2019_fot.M.Lewicki-3.jpg\" alt=\"\" class=\"wp-image-56\" srcset=\"https:\/\/pastoralki.pl\/wp-content\/uploads\/2020\/12\/Pastoralki2019_fot.M.Lewicki-3.jpg 1000w, https:\/\/pastoralki.pl\/wp-content\/uploads\/2020\/12\/Pastoralki2019_fot.M.Lewicki-3-300x200.jpg 300w, https:\/\/pastoralki.pl\/wp-content\/uploads\/2020\/12\/Pastoralki2019_fot.M.Lewicki-3-768x512.jpg 768w\" sizes=\"(max-width: 1000px) 100vw, 1000px\" \/><\/figure>\n\n\n\n<figure class=\"wp-block-image size-large is-style-rounded\"><img decoding=\"async\" loading=\"lazy\" width=\"1024\" height=\"683\" src=\"http:\/\/pastoralki.pl\/wp-content\/uploads\/2020\/12\/IMG_3454-1024x683.jpg\" alt=\"\" class=\"wp-image-65\" srcset=\"https:\/\/pastoralki.pl\/wp-content\/uploads\/2020\/12\/IMG_3454-1024x683.jpg 1024w, https:\/\/pastoralki.pl\/wp-content\/uploads\/2020\/12\/IMG_3454-300x200.jpg 300w, https:\/\/pastoralki.pl\/wp-content\/uploads\/2020\/12\/IMG_3454-768x512.jpg 768w, https:\/\/pastoralki.pl\/wp-content\/uploads\/2020\/12\/IMG_3454-1536x1024.jpg 1536w, https:\/\/pastoralki.pl\/wp-content\/uploads\/2020\/12\/IMG_3454-2048x1365.jpg 2048w\" sizes=\"(max-width: 1024px) 100vw, 1024px\" \/><\/figure>\n\n\n\n<figure class=\"wp-block-image size-large is-style-rounded\"><img decoding=\"async\" loading=\"lazy\" width=\"1024\" height=\"683\" src=\"http:\/\/pastoralki.pl\/wp-content\/uploads\/2020\/12\/IMG_3492-1024x683.jpg\" alt=\"\" class=\"wp-image-67\" srcset=\"https:\/\/pastoralki.pl\/wp-content\/uploads\/2020\/12\/IMG_3492-1024x683.jpg 1024w, https:\/\/pastoralki.pl\/wp-content\/uploads\/2020\/12\/IMG_3492-300x200.jpg 300w, https:\/\/pastoralki.pl\/wp-content\/uploads\/2020\/12\/IMG_3492-768x512.jpg 768w, https:\/\/pastoralki.pl\/wp-content\/uploads\/2020\/12\/IMG_3492-1536x1024.jpg 1536w, https:\/\/pastoralki.pl\/wp-content\/uploads\/2020\/12\/IMG_3492-2048x1365.jpg 2048w\" sizes=\"(max-width: 1024px) 100vw, 1024px\" \/><\/figure>\n\n\n\n<figure class=\"wp-block-image size-large is-style-rounded\"><img decoding=\"async\" loading=\"lazy\" width=\"1024\" height=\"683\" src=\"http:\/\/pastoralki.pl\/wp-content\/uploads\/2020\/12\/IMG_3770-1024x683.jpg\" alt=\"\" class=\"wp-image-73\" srcset=\"https:\/\/pastoralki.pl\/wp-content\/uploads\/2020\/12\/IMG_3770-1024x683.jpg 1024w, https:\/\/pastoralki.pl\/wp-content\/uploads\/2020\/12\/IMG_3770-300x200.jpg 300w, https:\/\/pastoralki.pl\/wp-content\/uploads\/2020\/12\/IMG_3770-768x512.jpg 768w, https:\/\/pastoralki.pl\/wp-content\/uploads\/2020\/12\/IMG_3770-1536x1024.jpg 1536w, https:\/\/pastoralki.pl\/wp-content\/uploads\/2020\/12\/IMG_3770-2048x1365.jpg 2048w\" sizes=\"(max-width: 1024px) 100vw, 1024px\" \/><\/figure>\n\n\n\n<figure class=\"wp-block-image size-large is-style-rounded\"><img decoding=\"async\" loading=\"lazy\" width=\"1024\" height=\"683\" src=\"http:\/\/pastoralki.pl\/wp-content\/uploads\/2020\/12\/MG_9710-1024x683.jpg\" alt=\"\" class=\"wp-image-112\" srcset=\"https:\/\/pastoralki.pl\/wp-content\/uploads\/2020\/12\/MG_9710-1024x683.jpg 1024w, https:\/\/pastoralki.pl\/wp-content\/uploads\/2020\/12\/MG_9710-300x200.jpg 300w, https:\/\/pastoralki.pl\/wp-content\/uploads\/2020\/12\/MG_9710-768x512.jpg 768w, https:\/\/pastoralki.pl\/wp-content\/uploads\/2020\/12\/MG_9710-1536x1024.jpg 1536w, https:\/\/pastoralki.pl\/wp-content\/uploads\/2020\/12\/MG_9710-2048x1365.jpg 2048w\" sizes=\"(max-width: 1024px) 100vw, 1024px\" \/><\/figure>\n\n\n\n<figure class=\"wp-block-image size-large is-style-rounded\"><img decoding=\"async\" loading=\"lazy\" width=\"493\" height=\"800\" src=\"http:\/\/pastoralki.pl\/wp-content\/uploads\/2020\/12\/stroj_krakowski.jpg\" alt=\"\" class=\"wp-image-115\" srcset=\"https:\/\/pastoralki.pl\/wp-content\/uploads\/2020\/12\/stroj_krakowski.jpg 493w, https:\/\/pastoralki.pl\/wp-content\/uploads\/2020\/12\/stroj_krakowski-185x300.jpg 185w\" sizes=\"(max-width: 493px) 100vw, 493px\" \/><\/figure>\n\n\n\n<figure class=\"wp-block-image size-large is-style-rounded\"><img decoding=\"async\" loading=\"lazy\" width=\"1024\" height=\"683\" src=\"http:\/\/pastoralki.pl\/wp-content\/uploads\/2020\/12\/MG_3502-1-1024x683.jpg\" alt=\"\" class=\"wp-image-125\" srcset=\"https:\/\/pastoralki.pl\/wp-content\/uploads\/2020\/12\/MG_3502-1-1024x683.jpg 1024w, https:\/\/pastoralki.pl\/wp-content\/uploads\/2020\/12\/MG_3502-1-300x200.jpg 300w, https:\/\/pastoralki.pl\/wp-content\/uploads\/2020\/12\/MG_3502-1-768x512.jpg 768w, https:\/\/pastoralki.pl\/wp-content\/uploads\/2020\/12\/MG_3502-1-1536x1024.jpg 1536w, https:\/\/pastoralki.pl\/wp-content\/uploads\/2020\/12\/MG_3502-1-2048x1365.jpg 2048w\" sizes=\"(max-width: 1024px) 100vw, 1024px\" \/><\/figure>\n\n\n\n<p><\/p>\n<\/div>\n\n\n\n<div class=\"wp-block-column is-layout-flow\">\n<figure class=\"wp-block-image size-large alignfull size-full is-style-twentytwentyone-border is-style-rounded\"><img decoding=\"async\" loading=\"lazy\" width=\"1000\" height=\"667\" src=\"http:\/\/pastoralki.pl\/wp-content\/uploads\/2020\/12\/zalas_fot_Sokol.jpg\" alt=\"\" class=\"wp-image-52\" srcset=\"https:\/\/pastoralki.pl\/wp-content\/uploads\/2020\/12\/zalas_fot_Sokol.jpg 1000w, https:\/\/pastoralki.pl\/wp-content\/uploads\/2020\/12\/zalas_fot_Sokol-300x200.jpg 300w, https:\/\/pastoralki.pl\/wp-content\/uploads\/2020\/12\/zalas_fot_Sokol-768x512.jpg 768w\" sizes=\"(max-width: 1000px) 100vw, 1000px\" \/><\/figure>\n\n\n\n<div style=\"height:100px\" aria-hidden=\"true\" class=\"wp-block-spacer\"><\/div>\n\n\n\n<figure class=\"wp-block-image size-large is-style-rounded\"><img decoding=\"async\" loading=\"lazy\" width=\"683\" height=\"1024\" src=\"http:\/\/pastoralki.pl\/wp-content\/uploads\/2020\/12\/IMG_3780-683x1024.jpg\" alt=\"\" class=\"wp-image-63\" srcset=\"https:\/\/pastoralki.pl\/wp-content\/uploads\/2020\/12\/IMG_3780-683x1024.jpg 683w, https:\/\/pastoralki.pl\/wp-content\/uploads\/2020\/12\/IMG_3780-200x300.jpg 200w, https:\/\/pastoralki.pl\/wp-content\/uploads\/2020\/12\/IMG_3780-768x1152.jpg 768w, https:\/\/pastoralki.pl\/wp-content\/uploads\/2020\/12\/IMG_3780-1024x1536.jpg 1024w, https:\/\/pastoralki.pl\/wp-content\/uploads\/2020\/12\/IMG_3780-1365x2048.jpg 1365w, https:\/\/pastoralki.pl\/wp-content\/uploads\/2020\/12\/IMG_3780-scaled.jpg 1707w\" sizes=\"(max-width: 683px) 100vw, 683px\" \/><\/figure>\n\n\n\n<figure class=\"wp-block-image size-large is-style-rounded\"><img decoding=\"async\" loading=\"lazy\" width=\"1024\" height=\"683\" src=\"http:\/\/pastoralki.pl\/wp-content\/uploads\/2020\/12\/IMG_3715-1024x683.jpg\" alt=\"\" class=\"wp-image-70\" srcset=\"https:\/\/pastoralki.pl\/wp-content\/uploads\/2020\/12\/IMG_3715-1024x683.jpg 1024w, https:\/\/pastoralki.pl\/wp-content\/uploads\/2020\/12\/IMG_3715-300x200.jpg 300w, https:\/\/pastoralki.pl\/wp-content\/uploads\/2020\/12\/IMG_3715-768x512.jpg 768w, https:\/\/pastoralki.pl\/wp-content\/uploads\/2020\/12\/IMG_3715-1536x1024.jpg 1536w, https:\/\/pastoralki.pl\/wp-content\/uploads\/2020\/12\/IMG_3715-2048x1365.jpg 2048w\" sizes=\"(max-width: 1024px) 100vw, 1024px\" \/><\/figure>\n\n\n\n<figure class=\"wp-block-image size-large is-style-rounded\"><img decoding=\"async\" loading=\"lazy\" width=\"683\" height=\"1024\" src=\"http:\/\/pastoralki.pl\/wp-content\/uploads\/2020\/12\/MG_9699-683x1024.jpg\" alt=\"\" class=\"wp-image-109\" srcset=\"https:\/\/pastoralki.pl\/wp-content\/uploads\/2020\/12\/MG_9699-683x1024.jpg 683w, https:\/\/pastoralki.pl\/wp-content\/uploads\/2020\/12\/MG_9699-200x300.jpg 200w, https:\/\/pastoralki.pl\/wp-content\/uploads\/2020\/12\/MG_9699-768x1152.jpg 768w, https:\/\/pastoralki.pl\/wp-content\/uploads\/2020\/12\/MG_9699-1024x1536.jpg 1024w, https:\/\/pastoralki.pl\/wp-content\/uploads\/2020\/12\/MG_9699-1365x2048.jpg 1365w, https:\/\/pastoralki.pl\/wp-content\/uploads\/2020\/12\/MG_9699-scaled.jpg 1707w\" sizes=\"(max-width: 683px) 100vw, 683px\" \/><\/figure>\n\n\n\n<figure class=\"wp-block-image size-large is-style-default\"><img decoding=\"async\" loading=\"lazy\" width=\"683\" height=\"1024\" src=\"http:\/\/pastoralki.pl\/wp-content\/uploads\/2020\/12\/MG_3219-683x1024.jpg\" alt=\"\" class=\"wp-image-121\" srcset=\"https:\/\/pastoralki.pl\/wp-content\/uploads\/2020\/12\/MG_3219-683x1024.jpg 683w, https:\/\/pastoralki.pl\/wp-content\/uploads\/2020\/12\/MG_3219-200x300.jpg 200w, https:\/\/pastoralki.pl\/wp-content\/uploads\/2020\/12\/MG_3219-768x1152.jpg 768w, https:\/\/pastoralki.pl\/wp-content\/uploads\/2020\/12\/MG_3219-1024x1536.jpg 1024w, https:\/\/pastoralki.pl\/wp-content\/uploads\/2020\/12\/MG_3219-1365x2048.jpg 1365w, https:\/\/pastoralki.pl\/wp-content\/uploads\/2020\/12\/MG_3219-scaled.jpg 1707w\" sizes=\"(max-width: 683px) 100vw, 683px\" \/><\/figure>\n<\/div>\n<\/div>\n\n\n\n<div style=\"height:50px\" aria-hidden=\"true\" class=\"wp-block-spacer\"><\/div>\n\n\n\n<div class=\"wp-block-columns alignwide are-vertically-aligned-top is-layout-flex wp-container-10\">\n<div class=\"wp-block-column is-vertically-aligned-top is-layout-flow\"><\/div>\n\n\n\n<div class=\"wp-block-column is-vertically-aligned-top is-layout-flow\"><\/div>\n\n\n\n<div class=\"wp-block-column is-vertically-aligned-top is-layout-flow\"><\/div>\n<\/div>\n\n\n\n<div style=\"height:100px\" aria-hidden=\"true\" class=\"wp-block-spacer\"><\/div>\n\n\n\n<p><\/p>\n","protected":false},"excerpt":{"rendered":"<p>\u015aPIEWACZKI I \u015aPIEWACY, GRUPY, ZESPO\u0141Y &#8211; oto si\u0142a Przegl\u0105du!<\/p>\n","protected":false},"author":1,"featured_media":0,"parent":0,"menu_order":0,"comment_status":"closed","ping_status":"closed","template":"","meta":[],"_links":{"self":[{"href":"https:\/\/pastoralki.pl\/index.php?rest_route=\/wp\/v2\/pages\/5"}],"collection":[{"href":"https:\/\/pastoralki.pl\/index.php?rest_route=\/wp\/v2\/pages"}],"about":[{"href":"https:\/\/pastoralki.pl\/index.php?rest_route=\/wp\/v2\/types\/page"}],"author":[{"embeddable":true,"href":"https:\/\/pastoralki.pl\/index.php?rest_route=\/wp\/v2\/users\/1"}],"replies":[{"embeddable":true,"href":"https:\/\/pastoralki.pl\/index.php?rest_route=%2Fwp%2Fv2%2Fcomments&post=5"}],"version-history":[{"count":25,"href":"https:\/\/pastoralki.pl\/index.php?rest_route=\/wp\/v2\/pages\/5\/revisions"}],"predecessor-version":[{"id":127,"href":"https:\/\/pastoralki.pl\/index.php?rest_route=\/wp\/v2\/pages\/5\/revisions\/127"}],"wp:attachment":[{"href":"https:\/\/pastoralki.pl\/index.php?rest_route=%2Fwp%2Fv2%2Fmedia&parent=5"}],"curies":[{"name":"wp","href":"https:\/\/api.w.org\/{rel}","templated":true}]}}